{"id":578,"date":"2018-02-27T16:55:52","date_gmt":"2018-02-27T15:55:52","guid":{"rendered":"https:\/\/dottorcecchini.it\/?page_id=578"},"modified":"2018-05-21T15:38:49","modified_gmt":"2018-05-21T13:38:49","slug":"vie-respiratorie","status":"publish","type":"page","link":"https:\/\/dottorcecchini.it\/?page_id=578","title":{"rendered":"Vie Respiratorie"},"content":{"rendered":"<h1 class=\"western\" lang=\"zxx\" style=\"text-align: center;\">Vie Respiratorie<\/h1>\n<p class=\"western\" lang=\"zxx\">La patologia delle vie respiratorie superiori ed inferiori vengono studiate con la fibrorinoscopia che si occupa delle patologie del naso e dei seni paranasali, delle sindromi da allergia respiratoria e rino bronchiali e la cefalea rinogena.<\/p>\n<p class=\"western\" lang=\"zxx\">La funzionalit\u00e0 delle vie respiratorie viene indagata con la rinomanometria che misura il flusso ventilatorio delle due cavit\u00e0 nasali ed \u00e8 un esame fondamentale anche per il russamento.<\/p>\n\n\t\t\t<div>\n\t\t\t<style type='text\/css'>\n\t\t\t\t#gallery-1 {\n\t\t\t\t\tmargin: auto;\n\t\t\t\t}\n\t\t\t\t#gallery-1 .gallery-item {\n\t\t\t\t\tfloat: left;\n\t\t\t\t\tmargin-top: 10px;\n\t\t\t\t\ttext-align: center;\n\t\t\t\t\twidth: 20%;\n\t\t\t\t}\n\t\t\t\t#gallery-1 img {\n\t\t\t\t\tborder: 2px solid #cfcfcf;\n\t\t\t\t}\n\t\t\t\t#gallery-1 .gallery-caption {\n\t\t\t\t\tmargin-left: 0;\n\t\t\t\t}\n\t\t\t\t\/* see gallery_shortcode() in wp-includes\/media.php *\/\n\t\t\t<\/style><\/div>\n\t\t<div id='gallery-1' class='gallery galleryid-578 gallery-columns-5 gallery-size-medium'><div class=\"gallery-inner-wrapper\"><dl class='gallery-item'>\n\t\t\t\t<dt class='gallery-icon landscape'>\n\t\t\t\t\t<a href='https:\/\/dottorcecchini.it\/wp-content\/uploads\/DSCN0875.jpg'><img loading=\"lazy\" decoding=\"async\" width=\"300\" height=\"225\" src=\"https:\/\/dottorcecchini.it\/wp-content\/uploads\/DSCN0875-300x225.jpg\" class=\"attachment-medium size-medium\" alt=\"\" srcset=\"https:\/\/dottorcecchini.it\/wp-content\/uploads\/DSCN0875-300x225.jpg 300w, https:\/\/dottorcecchini.it\/wp-content\/uploads\/DSCN0875-768x576.jpg 768w, https:\/\/dottorcecchini.it\/wp-content\/uploads\/DSCN0875.jpg 900w\" sizes=\"auto, (max-width: 300px) 100vw, 300px\" \/><\/a>\n\t\t\t\t<\/dt><dd><\/dd><\/dl><dl class='gallery-item'>\n\t\t\t\t<dt class='gallery-icon portrait'>\n\t\t\t\t\t<a href='https:\/\/dottorcecchini.it\/wp-content\/uploads\/DSCN0861-1.jpg'><img loading=\"lazy\" decoding=\"async\" width=\"225\" height=\"300\" src=\"https:\/\/dottorcecchini.it\/wp-content\/uploads\/DSCN0861-1-225x300.jpg\" class=\"attachment-medium size-medium\" alt=\"\" srcset=\"https:\/\/dottorcecchini.it\/wp-content\/uploads\/DSCN0861-1-225x300.jpg 225w, https:\/\/dottorcecchini.it\/wp-content\/uploads\/DSCN0861-1.jpg 675w\" sizes=\"auto, (max-width: 225px) 100vw, 225px\" \/><\/a>\n\t\t\t\t<\/dt><dd><\/dd><\/dl><dl class='gallery-item'>\n\t\t\t\t<dt class='gallery-icon portrait'>\n\t\t\t\t\t<a href='https:\/\/dottorcecchini.it\/wp-content\/uploads\/DSCN0821.jpg'><img loading=\"lazy\" decoding=\"async\" width=\"225\" height=\"300\" src=\"https:\/\/dottorcecchini.it\/wp-content\/uploads\/DSCN0821-225x300.jpg\" class=\"attachment-medium size-medium\" alt=\"\" srcset=\"https:\/\/dottorcecchini.it\/wp-content\/uploads\/DSCN0821-225x300.jpg 225w, https:\/\/dottorcecchini.it\/wp-content\/uploads\/DSCN0821.jpg 675w\" sizes=\"auto, (max-width: 225px) 100vw, 225px\" \/><\/a>\n\t\t\t\t<\/dt><dd><\/dd><\/dl><dl class='gallery-item'>\n\t\t\t\t<dt class='gallery-icon portrait'>\n\t\t\t\t\t<a href='https:\/\/dottorcecchini.it\/wp-content\/uploads\/DSCN0819.jpg'><img loading=\"lazy\" decoding=\"async\" width=\"225\" height=\"300\" src=\"https:\/\/dottorcecchini.it\/wp-content\/uploads\/DSCN0819-225x300.jpg\" class=\"attachment-medium size-medium\" alt=\"\" srcset=\"https:\/\/dottorcecchini.it\/wp-content\/uploads\/DSCN0819-225x300.jpg 225w, https:\/\/dottorcecchini.it\/wp-content\/uploads\/DSCN0819.jpg 675w\" sizes=\"auto, (max-width: 225px) 100vw, 225px\" \/><\/a>\n\t\t\t\t<\/dt><dd><\/dd><\/dl>\n\t\t\t\t<br style='clear: both;' \/>\n\t\t\t<\/div><\/div>\n\n","protected":false},"excerpt":{"rendered":"<p>Vie Respiratorie La patologia delle vie respiratorie superiori ed inferiori vengono studiate con la fibrorinoscopia che si occupa delle patologie del naso e dei seni paranasali, delle sindromi da allergia respiratoria e rino bronchiali e la cefalea rinogena. La funzionalit\u00e0 delle vie respiratorie viene indagata con la rinomanometria che misura il flusso ventilatorio delle due [&hellip;]<\/p>\n","protected":false},"author":1,"featured_media":582,"parent":0,"menu_order":0,"comment_status":"closed","ping_status":"closed","template":"","meta":{"footnotes":""},"class_list":["post-578","page","type-page","status-publish","has-post-thumbnail","hentry"],"yoast_head":"<!-- This site is optimized with the Yoast SEO plugin v25.6 - https:\/\/yoast.com\/wordpress\/plugins\/seo\/ -->\n<title>Vie Respiratorie - Dr. Cecchini<\/title>\n<meta name=\"robots\" content=\"index, follow, max-snippet:-1, max-image-preview:large, max-video-preview:-1\" \/>\n<link rel=\"canonical\" href=\"https:\/\/dottorcecchini.it\/?page_id=578\" \/>\n<meta property=\"og:locale\" content=\"it_IT\" \/>\n<meta property=\"og:type\" content=\"article\" \/>\n<meta property=\"og:title\" content=\"Vie Respiratorie - Dr. Cecchini\" \/>\n<meta property=\"og:description\" content=\"Vie Respiratorie La patologia delle vie respiratorie superiori ed inferiori vengono studiate con la fibrorinoscopia che si occupa delle patologie del naso e dei seni paranasali, delle sindromi da allergia respiratoria e rino bronchiali e la cefalea rinogena. La funzionalit\u00e0 delle vie respiratorie viene indagata con la rinomanometria che misura il flusso ventilatorio delle due [&hellip;]\" \/>\n<meta property=\"og:url\" content=\"https:\/\/dottorcecchini.it\/?page_id=578\" \/>\n<meta property=\"og:site_name\" content=\"Dr. Cecchini\" \/>\n<meta property=\"article:modified_time\" content=\"2018-05-21T13:38:49+00:00\" \/>\n<meta property=\"og:image\" content=\"https:\/\/dottorcecchini.it\/wp-content\/uploads\/Vie-Respiratorie-Dott.-Cecchini-Ubaldo.jpg\" \/>\n\t<meta property=\"og:image:width\" content=\"675\" \/>\n\t<meta property=\"og:image:height\" content=\"800\" \/>\n\t<meta property=\"og:image:type\" content=\"image\/jpeg\" \/>\n<meta name=\"twitter:card\" content=\"summary_large_image\" \/>\n<script type=\"application\/ld+json\" class=\"yoast-schema-graph\">{\"@context\":\"https:\/\/schema.org\",\"@graph\":[{\"@type\":\"WebPage\",\"@id\":\"https:\/\/dottorcecchini.it\/?page_id=578\",\"url\":\"https:\/\/dottorcecchini.it\/?page_id=578\",\"name\":\"Vie Respiratorie - Dr. Cecchini\",\"isPartOf\":{\"@id\":\"https:\/\/dottorcecchini.it\/#website\"},\"primaryImageOfPage\":{\"@id\":\"https:\/\/dottorcecchini.it\/?page_id=578#primaryimage\"},\"image\":{\"@id\":\"https:\/\/dottorcecchini.it\/?page_id=578#primaryimage\"},\"thumbnailUrl\":\"https:\/\/dottorcecchini.it\/wp-content\/uploads\/Vie-Respiratorie-Dott.-Cecchini-Ubaldo.jpg\",\"datePublished\":\"2018-02-27T15:55:52+00:00\",\"dateModified\":\"2018-05-21T13:38:49+00:00\",\"breadcrumb\":{\"@id\":\"https:\/\/dottorcecchini.it\/?page_id=578#breadcrumb\"},\"inLanguage\":\"it-IT\",\"potentialAction\":[{\"@type\":\"ReadAction\",\"target\":[\"https:\/\/dottorcecchini.it\/?page_id=578\"]}]},{\"@type\":\"ImageObject\",\"inLanguage\":\"it-IT\",\"@id\":\"https:\/\/dottorcecchini.it\/?page_id=578#primaryimage\",\"url\":\"https:\/\/dottorcecchini.it\/wp-content\/uploads\/Vie-Respiratorie-Dott.-Cecchini-Ubaldo.jpg\",\"contentUrl\":\"https:\/\/dottorcecchini.it\/wp-content\/uploads\/Vie-Respiratorie-Dott.-Cecchini-Ubaldo.jpg\",\"width\":675,\"height\":800,\"caption\":\"Vie Respiratorie - Dott. Cecchini Ubaldo\"},{\"@type\":\"BreadcrumbList\",\"@id\":\"https:\/\/dottorcecchini.it\/?page_id=578#breadcrumb\",\"itemListElement\":[{\"@type\":\"ListItem\",\"position\":1,\"name\":\"Home\",\"item\":\"https:\/\/dottorcecchini.it\/\"},{\"@type\":\"ListItem\",\"position\":2,\"name\":\"Vie Respiratorie\"}]},{\"@type\":\"WebSite\",\"@id\":\"https:\/\/dottorcecchini.it\/#website\",\"url\":\"https:\/\/dottorcecchini.it\/\",\"name\":\"Dr. Cecchini\",\"description\":\"\",\"potentialAction\":[{\"@type\":\"SearchAction\",\"target\":{\"@type\":\"EntryPoint\",\"urlTemplate\":\"https:\/\/dottorcecchini.it\/?s={search_term_string}\"},\"query-input\":{\"@type\":\"PropertyValueSpecification\",\"valueRequired\":true,\"valueName\":\"search_term_string\"}}],\"inLanguage\":\"it-IT\"}]}<\/script>\n<!-- \/ Yoast SEO plugin. -->","yoast_head_json":{"title":"Vie Respiratorie - Dr. Cecchini","robots":{"index":"index","follow":"follow","max-snippet":"max-snippet:-1","max-image-preview":"max-image-preview:large","max-video-preview":"max-video-preview:-1"},"canonical":"https:\/\/dottorcecchini.it\/?page_id=578","og_locale":"it_IT","og_type":"article","og_title":"Vie Respiratorie - Dr. Cecchini","og_description":"Vie Respiratorie La patologia delle vie respiratorie superiori ed inferiori vengono studiate con la fibrorinoscopia che si occupa delle patologie del naso e dei seni paranasali, delle sindromi da allergia respiratoria e rino bronchiali e la cefalea rinogena. La funzionalit\u00e0 delle vie respiratorie viene indagata con la rinomanometria che misura il flusso ventilatorio delle due [&hellip;]","og_url":"https:\/\/dottorcecchini.it\/?page_id=578","og_site_name":"Dr. Cecchini","article_modified_time":"2018-05-21T13:38:49+00:00","og_image":[{"width":675,"height":800,"url":"https:\/\/dottorcecchini.it\/wp-content\/uploads\/Vie-Respiratorie-Dott.-Cecchini-Ubaldo.jpg","type":"image\/jpeg"}],"twitter_card":"summary_large_image","schema":{"@context":"https:\/\/schema.org","@graph":[{"@type":"WebPage","@id":"https:\/\/dottorcecchini.it\/?page_id=578","url":"https:\/\/dottorcecchini.it\/?page_id=578","name":"Vie Respiratorie - Dr. Cecchini","isPartOf":{"@id":"https:\/\/dottorcecchini.it\/#website"},"primaryImageOfPage":{"@id":"https:\/\/dottorcecchini.it\/?page_id=578#primaryimage"},"image":{"@id":"https:\/\/dottorcecchini.it\/?page_id=578#primaryimage"},"thumbnailUrl":"https:\/\/dottorcecchini.it\/wp-content\/uploads\/Vie-Respiratorie-Dott.-Cecchini-Ubaldo.jpg","datePublished":"2018-02-27T15:55:52+00:00","dateModified":"2018-05-21T13:38:49+00:00","breadcrumb":{"@id":"https:\/\/dottorcecchini.it\/?page_id=578#breadcrumb"},"inLanguage":"it-IT","potentialAction":[{"@type":"ReadAction","target":["https:\/\/dottorcecchini.it\/?page_id=578"]}]},{"@type":"ImageObject","inLanguage":"it-IT","@id":"https:\/\/dottorcecchini.it\/?page_id=578#primaryimage","url":"https:\/\/dottorcecchini.it\/wp-content\/uploads\/Vie-Respiratorie-Dott.-Cecchini-Ubaldo.jpg","contentUrl":"https:\/\/dottorcecchini.it\/wp-content\/uploads\/Vie-Respiratorie-Dott.-Cecchini-Ubaldo.jpg","width":675,"height":800,"caption":"Vie Respiratorie - Dott. Cecchini Ubaldo"},{"@type":"BreadcrumbList","@id":"https:\/\/dottorcecchini.it\/?page_id=578#breadcrumb","itemListElement":[{"@type":"ListItem","position":1,"name":"Home","item":"https:\/\/dottorcecchini.it\/"},{"@type":"ListItem","position":2,"name":"Vie Respiratorie"}]},{"@type":"WebSite","@id":"https:\/\/dottorcecchini.it\/#website","url":"https:\/\/dottorcecchini.it\/","name":"Dr. Cecchini","description":"","potentialAction":[{"@type":"SearchAction","target":{"@type":"EntryPoint","urlTemplate":"https:\/\/dottorcecchini.it\/?s={search_term_string}"},"query-input":{"@type":"PropertyValueSpecification","valueRequired":true,"valueName":"search_term_string"}}],"inLanguage":"it-IT"}]}},"_links":{"self":[{"href":"https:\/\/dottorcecchini.it\/index.php?rest_route=\/wp\/v2\/pages\/578","targetHints":{"allow":["GET"]}}],"collection":[{"href":"https:\/\/dottorcecchini.it\/index.php?rest_route=\/wp\/v2\/pages"}],"about":[{"href":"https:\/\/dottorcecchini.it\/index.php?rest_route=\/wp\/v2\/types\/page"}],"author":[{"embeddable":true,"href":"https:\/\/dottorcecchini.it\/index.php?rest_route=\/wp\/v2\/users\/1"}],"replies":[{"embeddable":true,"href":"https:\/\/dottorcecchini.it\/index.php?rest_route=%2Fwp%2Fv2%2Fcomments&post=578"}],"version-history":[{"count":0,"href":"https:\/\/dottorcecchini.it\/index.php?rest_route=\/wp\/v2\/pages\/578\/revisions"}],"wp:featuredmedia":[{"embeddable":true,"href":"https:\/\/dottorcecchini.it\/index.php?rest_route=\/wp\/v2\/media\/582"}],"wp:attachment":[{"href":"https:\/\/dottorcecchini.it\/index.php?rest_route=%2Fwp%2Fv2%2Fmedia&parent=578"}],"curies":[{"name":"wp","href":"https:\/\/api.w.org\/{rel}","templated":true}]}}