{"id":549,"date":"2018-02-27T15:52:53","date_gmt":"2018-02-27T14:52:53","guid":{"rendered":"https:\/\/dottorcecchini.it\/?page_id=549"},"modified":"2018-10-04T09:43:48","modified_gmt":"2018-10-04T07:43:48","slug":"udito","status":"publish","type":"page","link":"https:\/\/dottorcecchini.it\/?page_id=549","title":{"rendered":"Udito"},"content":{"rendered":"<h1 style=\"text-align: center;\">Udito<\/h1>\n<h2 style=\"text-align: center;\">Disturbi dell&#8217;udito: otologia e audiologia<\/h2>\n<p>L&#8217;otologia \u00e8 una branca specialistica dell&#8217;otorinolaringoiatria che si occupa dei disturbi dell&#8217;orecchio. Le problematiche di cui si occupa riguardano la diagnosi ed il trattamento medico e chirurgico dei disturbi dell&#8217;udito, soprattutto della diminuzione dell&#8217;udito, della sordit\u00e0, dei disturbi dell&#8217;equilibrio, della vertigine e degli acufeni. L&#8217;audiologia \u00e8 la branca che studia specificamente i disturbi della funzione uditiva. Le patologie pi\u00f9 importanti a cui si dedica sono:<\/p>\n<ul>\n<li>la presbiacusia o sordit\u00e0 dell&#8217;adulto<\/li>\n<li>tecnoacusie di natura professionale l&#8217;acufene o &#8220;tinnitus&#8221;<\/li>\n<li>la sordit\u00e0 preverbale del neonato<\/li>\n<li>sordit\u00e0 genetiche<\/li>\n<\/ul>\n<h3>Accertamenti audiologici:<\/h3>\n<p>Esame audiometrico: l&#8217;esame audiometrico consente la valutazione della percezione uditiva. Viene eseguito all&#8217;interno di una speciale cabina insonorizzata e prevede l&#8217;utilizzo di un paio di cuffie auricolari a cui vengono inviati dei suoni a diverse tonalit\u00e0. Il paziente dovr\u00e0 dare un cenno di consesno tutte le volte che percepir\u00e0 il suono: in questo modo il medico potr\u00e0 determinare la soglia di minima udibilit\u00e0 del soggetto. Impedenzometria e timpanogramma: l&#8217;impedenzometria (o timpanometria) \u00e8 un metodo di studio dell&#8217;orecchio medio che ne valuta le condizioni di motilit\u00e0 e la trasmissione del suono. Questo esame \u00e8 indispensabile per valutare la funzione dell&#8217;orecchio medio in caso di patologie, come le otiti medie o per l&#8217;idoneit\u00e0 alla pratica di ossigenoterapia iperbarica e negli sports subacquei. L&#8217;esame si effettua posizionando una sonda cilindrica nel condotto uditivo del paziente. La sonda chiude ermeticamente il condotto uditivo, in modo da potervi creare una pressione: variando la pressione nel condotto \u00e8 possibile misurare la cedevolezza (compliance) del sistema timpano ossiculare a diversi livelli pressori. I valori ottenuti vengono riportati su un grafico chiamato timpanogramma. Studio dei riflessi stapediali ispi e controlaterali: il riflesso stapediale \u00e8 la contrazione bilaterale, involontaria, del muscolo stapedio (muscolo della staffa), dovuta ad eccessiva stimolazione dell&#8217;orecchio interno. Ha una funzione protettiva dell&#8217;orecchio interno nonch\u00e8 di estensione del campo uditivo e di miglioramento della capacit\u00e0 discriminitiva del rumore, consentendo ad esempio di comprendere la parola anche in ambienti rumorosi. Lo studio dei riflessi acustici registra la diminuzione della rigidit\u00e0 del sistema timpano ossiculare in presenza di uno stimolo acustico ipsi e controlateralmente per contrazione del muscolo stapedio. Il riflesso stapediale \u00e8 registrabile solo in presenza di membrana timpanica integra e di timpanogramma normale. Lo studio del riflesso stapediale ispi (suono inviato all&#8217;orecchio con sonda) e controlaterale (suono inviato all&#8217;orecchio opposto a quello con la sonda) consente di differenziare un deficit trasmissivo da un deficit neurosensoriale. Tone decay test: si esegue per verificare se esiste un danno uditivo retrococleare ovvero del nervo acustico che dall&#8217;organo dell&#8217;udito trasmette l&#8217;informazione all&#8217;area acustica del cervello. Otoscopia a fibre ottiche: l&#8217;otoscopia \u00e8 l&#8217;esame dell&#8217;orecchio che viene effettuato per via endoscopica tramite uno strumento: l&#8217;otoscopio, che consente di visualizzare il condotto uditivo esterno e la membrana timpanica ed il video otoscopio digitale che consente inoltre la visualizzazione dell&#8217;immagine su monitor e la stampa dell&#8217;immagine stessa ed evidenzia eventuali cicatrici o perforazioni da esiti infiammatori o traumatici.<\/p>\n\n\t\t\t<div>\n\t\t\t<style type='text\/css'>\n\t\t\t\t#gallery-1 {\n\t\t\t\t\tmargin: auto;\n\t\t\t\t}\n\t\t\t\t#gallery-1 .gallery-item {\n\t\t\t\t\tfloat: left;\n\t\t\t\t\tmargin-top: 10px;\n\t\t\t\t\ttext-align: center;\n\t\t\t\t\twidth: 20%;\n\t\t\t\t}\n\t\t\t\t#gallery-1 img {\n\t\t\t\t\tborder: 2px solid #cfcfcf;\n\t\t\t\t}\n\t\t\t\t#gallery-1 .gallery-caption {\n\t\t\t\t\tmargin-left: 0;\n\t\t\t\t}\n\t\t\t\t\/* see gallery_shortcode() in wp-includes\/media.php *\/\n\t\t\t<\/style><\/div>\n\t\t<div id='gallery-1' class='gallery galleryid-549 gallery-columns-5 gallery-size-medium'><div class=\"gallery-inner-wrapper\"><dl class='gallery-item'>\n\t\t\t\t<dt class='gallery-icon landscape'>\n\t\t\t\t\t<a href='https:\/\/dottorcecchini.it\/wp-content\/uploads\/DSCN0850.jpg'><img loading=\"lazy\" decoding=\"async\" width=\"300\" height=\"225\" src=\"https:\/\/dottorcecchini.it\/wp-content\/uploads\/DSCN0850-300x225.jpg\" class=\"attachment-medium size-medium\" alt=\"\" srcset=\"https:\/\/dottorcecchini.it\/wp-content\/uploads\/DSCN0850-300x225.jpg 300w, https:\/\/dottorcecchini.it\/wp-content\/uploads\/DSCN0850-768x576.jpg 768w, https:\/\/dottorcecchini.it\/wp-content\/uploads\/DSCN0850.jpg 900w\" sizes=\"auto, (max-width: 300px) 100vw, 300px\" \/><\/a>\n\t\t\t\t<\/dt><dd><\/dd><\/dl><dl class='gallery-item'>\n\t\t\t\t<dt class='gallery-icon landscape'>\n\t\t\t\t\t<a href='https:\/\/dottorcecchini.it\/wp-content\/uploads\/DSCN0858.jpg'><img loading=\"lazy\" decoding=\"async\" width=\"300\" height=\"225\" src=\"https:\/\/dottorcecchini.it\/wp-content\/uploads\/DSCN0858-300x225.jpg\" class=\"attachment-medium size-medium\" alt=\"\" srcset=\"https:\/\/dottorcecchini.it\/wp-content\/uploads\/DSCN0858-300x225.jpg 300w, https:\/\/dottorcecchini.it\/wp-content\/uploads\/DSCN0858-768x576.jpg 768w, https:\/\/dottorcecchini.it\/wp-content\/uploads\/DSCN0858.jpg 900w\" sizes=\"auto, (max-width: 300px) 100vw, 300px\" \/><\/a>\n\t\t\t\t<\/dt><dd><\/dd><\/dl><dl class='gallery-item'>\n\t\t\t\t<dt class='gallery-icon landscape'>\n\t\t\t\t\t<a href='https:\/\/dottorcecchini.it\/wp-content\/uploads\/DSCN0849.jpg'><img loading=\"lazy\" decoding=\"async\" width=\"300\" height=\"225\" src=\"https:\/\/dottorcecchini.it\/wp-content\/uploads\/DSCN0849-300x225.jpg\" class=\"attachment-medium size-medium\" alt=\"\" srcset=\"https:\/\/dottorcecchini.it\/wp-content\/uploads\/DSCN0849-300x225.jpg 300w, https:\/\/dottorcecchini.it\/wp-content\/uploads\/DSCN0849-768x576.jpg 768w, https:\/\/dottorcecchini.it\/wp-content\/uploads\/DSCN0849.jpg 900w\" sizes=\"auto, (max-width: 300px) 100vw, 300px\" \/><\/a>\n\t\t\t\t<\/dt><dd><\/dd><\/dl>\n\t\t\t\t<br style='clear: both;' \/>\n\t\t\t<\/div><\/div>\n\n","protected":false},"excerpt":{"rendered":"<p>Udito Disturbi dell&#8217;udito: otologia e audiologia L&#8217;otologia \u00e8 una branca specialistica dell&#8217;otorinolaringoiatria che si occupa dei disturbi dell&#8217;orecchio. Le problematiche di cui si occupa riguardano la diagnosi ed il trattamento medico e chirurgico dei disturbi dell&#8217;udito, soprattutto della diminuzione dell&#8217;udito, della sordit\u00e0, dei disturbi dell&#8217;equilibrio, della vertigine e degli acufeni. L&#8217;audiologia \u00e8 la branca che [&hellip;]<\/p>\n","protected":false},"author":1,"featured_media":560,"parent":0,"menu_order":0,"comment_status":"closed","ping_status":"closed","template":"","meta":{"footnotes":""},"class_list":["post-549","page","type-page","status-publish","has-post-thumbnail","hentry"],"yoast_head":"<!-- This site is optimized with the Yoast SEO plugin v25.6 - https:\/\/yoast.com\/wordpress\/plugins\/seo\/ -->\n<title>Udito - Dr. Cecchini<\/title>\n<meta name=\"robots\" content=\"index, follow, max-snippet:-1, max-image-preview:large, max-video-preview:-1\" \/>\n<link rel=\"canonical\" href=\"https:\/\/dottorcecchini.it\/?page_id=549\" \/>\n<meta property=\"og:locale\" content=\"it_IT\" \/>\n<meta property=\"og:type\" content=\"article\" \/>\n<meta property=\"og:title\" content=\"Udito - Dr. Cecchini\" \/>\n<meta property=\"og:description\" content=\"Udito Disturbi dell&#8217;udito: otologia e audiologia L&#8217;otologia \u00e8 una branca specialistica dell&#8217;otorinolaringoiatria che si occupa dei disturbi dell&#8217;orecchio. Le problematiche di cui si occupa riguardano la diagnosi ed il trattamento medico e chirurgico dei disturbi dell&#8217;udito, soprattutto della diminuzione dell&#8217;udito, della sordit\u00e0, dei disturbi dell&#8217;equilibrio, della vertigine e degli acufeni. L&#8217;audiologia \u00e8 la branca che [&hellip;]\" \/>\n<meta property=\"og:url\" content=\"https:\/\/dottorcecchini.it\/?page_id=549\" \/>\n<meta property=\"og:site_name\" content=\"Dr. Cecchini\" \/>\n<meta property=\"article:modified_time\" content=\"2018-10-04T07:43:48+00:00\" \/>\n<meta property=\"og:image\" content=\"https:\/\/dottorcecchini.it\/wp-content\/uploads\/Udito-Dottor-Cecchini-Ubaldo.jpg\" \/>\n\t<meta property=\"og:image:width\" content=\"900\" \/>\n\t<meta property=\"og:image:height\" content=\"600\" \/>\n\t<meta property=\"og:image:type\" content=\"image\/jpeg\" \/>\n<meta name=\"twitter:card\" content=\"summary_large_image\" \/>\n<meta name=\"twitter:label1\" content=\"Tempo di lettura stimato\" \/>\n\t<meta name=\"twitter:data1\" content=\"2 minuti\" \/>\n<script type=\"application\/ld+json\" class=\"yoast-schema-graph\">{\"@context\":\"https:\/\/schema.org\",\"@graph\":[{\"@type\":\"WebPage\",\"@id\":\"https:\/\/dottorcecchini.it\/?page_id=549\",\"url\":\"https:\/\/dottorcecchini.it\/?page_id=549\",\"name\":\"Udito - Dr. Cecchini\",\"isPartOf\":{\"@id\":\"https:\/\/dottorcecchini.it\/#website\"},\"primaryImageOfPage\":{\"@id\":\"https:\/\/dottorcecchini.it\/?page_id=549#primaryimage\"},\"image\":{\"@id\":\"https:\/\/dottorcecchini.it\/?page_id=549#primaryimage\"},\"thumbnailUrl\":\"https:\/\/dottorcecchini.it\/wp-content\/uploads\/Udito-Dottor-Cecchini-Ubaldo.jpg\",\"datePublished\":\"2018-02-27T14:52:53+00:00\",\"dateModified\":\"2018-10-04T07:43:48+00:00\",\"breadcrumb\":{\"@id\":\"https:\/\/dottorcecchini.it\/?page_id=549#breadcrumb\"},\"inLanguage\":\"it-IT\",\"potentialAction\":[{\"@type\":\"ReadAction\",\"target\":[\"https:\/\/dottorcecchini.it\/?page_id=549\"]}]},{\"@type\":\"ImageObject\",\"inLanguage\":\"it-IT\",\"@id\":\"https:\/\/dottorcecchini.it\/?page_id=549#primaryimage\",\"url\":\"https:\/\/dottorcecchini.it\/wp-content\/uploads\/Udito-Dottor-Cecchini-Ubaldo.jpg\",\"contentUrl\":\"https:\/\/dottorcecchini.it\/wp-content\/uploads\/Udito-Dottor-Cecchini-Ubaldo.jpg\",\"width\":900,\"height\":600,\"caption\":\"Udito - Dottor Cecchini Ubaldo\"},{\"@type\":\"BreadcrumbList\",\"@id\":\"https:\/\/dottorcecchini.it\/?page_id=549#breadcrumb\",\"itemListElement\":[{\"@type\":\"ListItem\",\"position\":1,\"name\":\"Home\",\"item\":\"https:\/\/dottorcecchini.it\/\"},{\"@type\":\"ListItem\",\"position\":2,\"name\":\"Udito\"}]},{\"@type\":\"WebSite\",\"@id\":\"https:\/\/dottorcecchini.it\/#website\",\"url\":\"https:\/\/dottorcecchini.it\/\",\"name\":\"Dr. Cecchini\",\"description\":\"\",\"potentialAction\":[{\"@type\":\"SearchAction\",\"target\":{\"@type\":\"EntryPoint\",\"urlTemplate\":\"https:\/\/dottorcecchini.it\/?s={search_term_string}\"},\"query-input\":{\"@type\":\"PropertyValueSpecification\",\"valueRequired\":true,\"valueName\":\"search_term_string\"}}],\"inLanguage\":\"it-IT\"}]}<\/script>\n<!-- \/ Yoast SEO plugin. -->","yoast_head_json":{"title":"Udito - Dr. Cecchini","robots":{"index":"index","follow":"follow","max-snippet":"max-snippet:-1","max-image-preview":"max-image-preview:large","max-video-preview":"max-video-preview:-1"},"canonical":"https:\/\/dottorcecchini.it\/?page_id=549","og_locale":"it_IT","og_type":"article","og_title":"Udito - Dr. Cecchini","og_description":"Udito Disturbi dell&#8217;udito: otologia e audiologia L&#8217;otologia \u00e8 una branca specialistica dell&#8217;otorinolaringoiatria che si occupa dei disturbi dell&#8217;orecchio. Le problematiche di cui si occupa riguardano la diagnosi ed il trattamento medico e chirurgico dei disturbi dell&#8217;udito, soprattutto della diminuzione dell&#8217;udito, della sordit\u00e0, dei disturbi dell&#8217;equilibrio, della vertigine e degli acufeni. L&#8217;audiologia \u00e8 la branca che [&hellip;]","og_url":"https:\/\/dottorcecchini.it\/?page_id=549","og_site_name":"Dr. Cecchini","article_modified_time":"2018-10-04T07:43:48+00:00","og_image":[{"width":900,"height":600,"url":"https:\/\/dottorcecchini.it\/wp-content\/uploads\/Udito-Dottor-Cecchini-Ubaldo.jpg","type":"image\/jpeg"}],"twitter_card":"summary_large_image","twitter_misc":{"Tempo di lettura stimato":"2 minuti"},"schema":{"@context":"https:\/\/schema.org","@graph":[{"@type":"WebPage","@id":"https:\/\/dottorcecchini.it\/?page_id=549","url":"https:\/\/dottorcecchini.it\/?page_id=549","name":"Udito - Dr. Cecchini","isPartOf":{"@id":"https:\/\/dottorcecchini.it\/#website"},"primaryImageOfPage":{"@id":"https:\/\/dottorcecchini.it\/?page_id=549#primaryimage"},"image":{"@id":"https:\/\/dottorcecchini.it\/?page_id=549#primaryimage"},"thumbnailUrl":"https:\/\/dottorcecchini.it\/wp-content\/uploads\/Udito-Dottor-Cecchini-Ubaldo.jpg","datePublished":"2018-02-27T14:52:53+00:00","dateModified":"2018-10-04T07:43:48+00:00","breadcrumb":{"@id":"https:\/\/dottorcecchini.it\/?page_id=549#breadcrumb"},"inLanguage":"it-IT","potentialAction":[{"@type":"ReadAction","target":["https:\/\/dottorcecchini.it\/?page_id=549"]}]},{"@type":"ImageObject","inLanguage":"it-IT","@id":"https:\/\/dottorcecchini.it\/?page_id=549#primaryimage","url":"https:\/\/dottorcecchini.it\/wp-content\/uploads\/Udito-Dottor-Cecchini-Ubaldo.jpg","contentUrl":"https:\/\/dottorcecchini.it\/wp-content\/uploads\/Udito-Dottor-Cecchini-Ubaldo.jpg","width":900,"height":600,"caption":"Udito - Dottor Cecchini Ubaldo"},{"@type":"BreadcrumbList","@id":"https:\/\/dottorcecchini.it\/?page_id=549#breadcrumb","itemListElement":[{"@type":"ListItem","position":1,"name":"Home","item":"https:\/\/dottorcecchini.it\/"},{"@type":"ListItem","position":2,"name":"Udito"}]},{"@type":"WebSite","@id":"https:\/\/dottorcecchini.it\/#website","url":"https:\/\/dottorcecchini.it\/","name":"Dr. Cecchini","description":"","potentialAction":[{"@type":"SearchAction","target":{"@type":"EntryPoint","urlTemplate":"https:\/\/dottorcecchini.it\/?s={search_term_string}"},"query-input":{"@type":"PropertyValueSpecification","valueRequired":true,"valueName":"search_term_string"}}],"inLanguage":"it-IT"}]}},"_links":{"self":[{"href":"https:\/\/dottorcecchini.it\/index.php?rest_route=\/wp\/v2\/pages\/549","targetHints":{"allow":["GET"]}}],"collection":[{"href":"https:\/\/dottorcecchini.it\/index.php?rest_route=\/wp\/v2\/pages"}],"about":[{"href":"https:\/\/dottorcecchini.it\/index.php?rest_route=\/wp\/v2\/types\/page"}],"author":[{"embeddable":true,"href":"https:\/\/dottorcecchini.it\/index.php?rest_route=\/wp\/v2\/users\/1"}],"replies":[{"embeddable":true,"href":"https:\/\/dottorcecchini.it\/index.php?rest_route=%2Fwp%2Fv2%2Fcomments&post=549"}],"version-history":[{"count":0,"href":"https:\/\/dottorcecchini.it\/index.php?rest_route=\/wp\/v2\/pages\/549\/revisions"}],"wp:featuredmedia":[{"embeddable":true,"href":"https:\/\/dottorcecchini.it\/index.php?rest_route=\/wp\/v2\/media\/560"}],"wp:attachment":[{"href":"https:\/\/dottorcecchini.it\/index.php?rest_route=%2Fwp%2Fv2%2Fmedia&parent=549"}],"curies":[{"name":"wp","href":"https:\/\/api.w.org\/{rel}","templated":true}]}}